{"id":128,"date":"2024-04-22T03:20:59","date_gmt":"2024-04-22T03:20:59","guid":{"rendered":"https:\/\/siglo21.cr.sinlimitescr.xyz\/?page_id=128"},"modified":"2025-06-04T18:39:54","modified_gmt":"2025-06-05T00:39:54","slug":"seguros-medicos","status":"publish","type":"page","link":"https:\/\/siglo21.cr\/eng\/seguros-medicos\/","title":{"rendered":"Medical insurance"},"content":{"rendered":"<div data-elementor-type=\"wp-page\" data-elementor-id=\"128\" class=\"elementor elementor-128\">\n\t\t\t\t<div class=\"elementor-element elementor-element-86e82b4 e-con-full e-flex wpr-particle-no wpr-jarallax-no wpr-parallax-no wpr-sticky-section-no e-con e-parent\" data-id=\"86e82b4\" data-element_type=\"container\">\n\t\t\t\t<div class=\"elementor-element elementor-element-6ba2a5c elementor-widget elementor-widget-heading\" data-id=\"6ba2a5c\" data-element_type=\"widget\" data-widget_type=\"heading.default\">\n\t\t\t\t<div class=\"elementor-widget-container\">\n\t\t\t\t\t<h2 class=\"elementor-heading-title elementor-size-default\">Medical insurance<\/h2>\t\t\t\t<\/div>\n\t\t\t\t<\/div>\n\t\t\t\t<\/div>\n\t\t<div class=\"elementor-element elementor-element-2c25fb8 e-con-full e-flex wpr-particle-no wpr-jarallax-no wpr-parallax-no wpr-sticky-section-no e-con e-parent\" data-id=\"2c25fb8\" data-element_type=\"container\">\n\t\t\t\t<div class=\"elementor-element elementor-element-32f59fc elementor-widget elementor-widget-text-editor\" data-id=\"32f59fc\" data-element_type=\"widget\" data-widget_type=\"text-editor.default\">\n\t\t\t\t<div class=\"elementor-widget-container\">\n\t\t\t\t\t\t\t\t\t<div class=\"page\" title=\"Page 1\"><div class=\"section\"><div class=\"layoutArea\"><div class=\"column\"><p>We work with a series of companies that provide medical insurance and with which you can access our treatments. Below we leave you the basic information so you can get in touch if you need it.<\/p><\/div><\/div><\/div><\/div>\t\t\t\t\t\t\t\t<\/div>\n\t\t\t\t<\/div>\n\t\t\t\t<\/div>\n\t\t<div class=\"elementor-element elementor-element-fd0a540 e-con-full e-flex wpr-particle-no wpr-jarallax-no wpr-parallax-no wpr-sticky-section-no e-con e-parent\" data-id=\"fd0a540\" data-element_type=\"container\">\n\t\t<div class=\"elementor-element elementor-element-3b344fa e-con-full e-flex wpr-particle-no wpr-jarallax-no wpr-parallax-no wpr-sticky-section-no e-con e-child\" data-id=\"3b344fa\" data-element_type=\"container\">\n\t\t\t\t<div class=\"elementor-element elementor-element-5a3666a elementor-widget elementor-widget-image\" data-id=\"5a3666a\" data-element_type=\"widget\" data-widget_type=\"image.default\">\n\t\t\t\t<div class=\"elementor-widget-container\">\n\t\t\t\t\t\t\t\t\t\t\t\t\t\t\t<img decoding=\"async\" width=\"200\" height=\"200\" src=\"https:\/\/siglo21.cr\/wp-content\/uploads\/2024\/04\/seguro-medico-logo-ppp-health-care.jpg\" class=\"attachment-large size-large wp-image-133\" alt=\"\" srcset=\"https:\/\/siglo21.cr\/wp-content\/uploads\/2024\/04\/seguro-medico-logo-ppp-health-care.jpg 200w, https:\/\/siglo21.cr\/wp-content\/uploads\/2024\/04\/seguro-medico-logo-ppp-health-care-150x150.jpg 150w\" sizes=\"(max-width: 200px) 100vw, 200px\" \/>\t\t\t\t\t\t\t\t\t\t\t\t\t\t\t<\/div>\n\t\t\t\t<\/div>\n\t\t\t\t<\/div>\n\t\t<div class=\"elementor-element elementor-element-d1c170f e-con-full e-flex wpr-particle-no wpr-jarallax-no wpr-parallax-no wpr-sticky-section-no e-con e-child\" data-id=\"d1c170f\" data-element_type=\"container\">\n\t\t\t\t<div class=\"elementor-element elementor-element-83b8549 elementor-widget elementor-widget-image\" data-id=\"83b8549\" data-element_type=\"widget\" data-widget_type=\"image.default\">\n\t\t\t\t<div class=\"elementor-widget-container\">\n\t\t\t\t\t\t\t\t\t\t\t\t\t\t\t<img fetchpriority=\"high\" decoding=\"async\" width=\"600\" height=\"200\" src=\"https:\/\/siglo21.cr\/wp-content\/uploads\/2024\/04\/seguro-medico-logo-pan-american-life.jpg\" class=\"attachment-large size-large wp-image-134\" alt=\"\" srcset=\"https:\/\/siglo21.cr\/wp-content\/uploads\/2024\/04\/seguro-medico-logo-pan-american-life.jpg 600w, https:\/\/siglo21.cr\/wp-content\/uploads\/2024\/04\/seguro-medico-logo-pan-american-life-300x100.jpg 300w\" sizes=\"(max-width: 600px) 100vw, 600px\" \/>\t\t\t\t\t\t\t\t\t\t\t\t\t\t\t<\/div>\n\t\t\t\t<\/div>\n\t\t\t\t<\/div>\n\t\t<div class=\"elementor-element elementor-element-6131351 e-con-full e-flex wpr-particle-no wpr-jarallax-no wpr-parallax-no wpr-sticky-section-no e-con e-child\" data-id=\"6131351\" data-element_type=\"container\">\n\t\t\t\t<div class=\"elementor-element elementor-element-94ba16e elementor-widget elementor-widget-image\" data-id=\"94ba16e\" data-element_type=\"widget\" data-widget_type=\"image.default\">\n\t\t\t\t<div class=\"elementor-widget-container\">\n\t\t\t\t\t\t\t\t\t\t\t\t\t\t\t<img decoding=\"async\" width=\"380\" height=\"200\" src=\"https:\/\/siglo21.cr\/wp-content\/uploads\/2024\/04\/seguro-medico-logo-bmi-companies.jpg\" class=\"attachment-large size-large wp-image-136\" alt=\"\" srcset=\"https:\/\/siglo21.cr\/wp-content\/uploads\/2024\/04\/seguro-medico-logo-bmi-companies.jpg 380w, https:\/\/siglo21.cr\/wp-content\/uploads\/2024\/04\/seguro-medico-logo-bmi-companies-300x158.jpg 300w\" sizes=\"(max-width: 380px) 100vw, 380px\" \/>\t\t\t\t\t\t\t\t\t\t\t\t\t\t\t<\/div>\n\t\t\t\t<\/div>\n\t\t\t\t<\/div>\n\t\t<div class=\"elementor-element elementor-element-d85b2b6 e-con-full e-flex wpr-particle-no wpr-jarallax-no wpr-parallax-no wpr-sticky-section-no e-con e-child\" data-id=\"d85b2b6\" data-element_type=\"container\">\n\t\t\t\t<div class=\"elementor-element elementor-element-d77b939 elementor-widget elementor-widget-image\" data-id=\"d77b939\" data-element_type=\"widget\" data-widget_type=\"image.default\">\n\t\t\t\t<div class=\"elementor-widget-container\">\n\t\t\t\t\t\t\t\t\t\t\t\t\t\t\t<img loading=\"lazy\" decoding=\"async\" width=\"415\" height=\"200\" src=\"https:\/\/siglo21.cr\/wp-content\/uploads\/2024\/04\/seguro-medico-logo-bupa.jpg\" class=\"attachment-large size-large wp-image-137\" alt=\"\" srcset=\"https:\/\/siglo21.cr\/wp-content\/uploads\/2024\/04\/seguro-medico-logo-bupa.jpg 415w, https:\/\/siglo21.cr\/wp-content\/uploads\/2024\/04\/seguro-medico-logo-bupa-300x145.jpg 300w\" sizes=\"(max-width: 415px) 100vw, 415px\" \/>\t\t\t\t\t\t\t\t\t\t\t\t\t\t\t<\/div>\n\t\t\t\t<\/div>\n\t\t\t\t<\/div>\n\t\t<div class=\"elementor-element elementor-element-8dc4dbb e-con-full e-flex wpr-particle-no wpr-jarallax-no wpr-parallax-no wpr-sticky-section-no e-con e-child\" data-id=\"8dc4dbb\" data-element_type=\"container\">\n\t\t\t\t<div class=\"elementor-element elementor-element-433023c elementor-widget elementor-widget-image\" data-id=\"433023c\" data-element_type=\"widget\" data-widget_type=\"image.default\">\n\t\t\t\t<div class=\"elementor-widget-container\">\n\t\t\t\t\t\t\t\t\t\t\t\t\t\t\t<img loading=\"lazy\" decoding=\"async\" width=\"210\" height=\"200\" src=\"https:\/\/siglo21.cr\/wp-content\/uploads\/2024\/04\/seguro-medico-logo-morgan-white-group.jpg\" class=\"attachment-large size-large wp-image-138\" alt=\"\" \/>\t\t\t\t\t\t\t\t\t\t\t\t\t\t\t<\/div>\n\t\t\t\t<\/div>\n\t\t\t\t<\/div>\n\t\t<div class=\"elementor-element elementor-element-a1ffb47 e-con-full e-flex wpr-particle-no wpr-jarallax-no wpr-parallax-no wpr-sticky-section-no e-con e-child\" data-id=\"a1ffb47\" data-element_type=\"container\">\n\t\t\t\t<div class=\"elementor-element elementor-element-c19ab3a elementor-widget elementor-widget-image\" data-id=\"c19ab3a\" data-element_type=\"widget\" data-widget_type=\"image.default\">\n\t\t\t\t<div class=\"elementor-widget-container\">\n\t\t\t\t\t\t\t\t\t\t\t\t\t\t\t<img loading=\"lazy\" decoding=\"async\" width=\"550\" height=\"200\" src=\"https:\/\/siglo21.cr\/wp-content\/uploads\/2024\/04\/seguro-medico-logo-ins.jpg\" class=\"attachment-large size-large wp-image-139\" alt=\"\" srcset=\"https:\/\/siglo21.cr\/wp-content\/uploads\/2024\/04\/seguro-medico-logo-ins.jpg 550w, https:\/\/siglo21.cr\/wp-content\/uploads\/2024\/04\/seguro-medico-logo-ins-300x109.jpg 300w\" sizes=\"(max-width: 550px) 100vw, 550px\" \/>\t\t\t\t\t\t\t\t\t\t\t\t\t\t\t<\/div>\n\t\t\t\t<\/div>\n\t\t\t\t<\/div>\n\t\t\t\t<\/div>\n\t\t\t\t<\/div>","protected":false},"excerpt":{"rendered":"<p>Medical Insurance We work with a series of companies that provide medical insurance and with which you can access our treatments. Below we leave you the basic information so you can get in touch if you need it.<\/p>","protected":false},"author":1,"featured_media":0,"parent":0,"menu_order":0,"comment_status":"closed","ping_status":"closed","template":"elementor_header_footer","meta":{"_acf_changed":false,"inline_featured_image":false,"_joinchat":[],"footnotes":""},"class_list":["post-128","page","type-page","status-publish","hentry"],"acf":[],"yoast_head":"<!-- This site is optimized with the Yoast SEO plugin v25.2 - https:\/\/yoast.com\/wordpress\/plugins\/seo\/ -->\n<title>Seguros M\u00e9dicos - SigloXXI - Centro Me\u0301dico de Radioterapia<\/title>\n<meta name=\"description\" content=\"Alianzas comerciales, compa\u00f1\u00edas de seguros y m\u00e1s. Conoce si tu compa\u00f1\u00eda de seguros cuenta con una alianza con nuestro centro m\u00e9dico.\" \/>\n<meta name=\"robots\" content=\"index, follow, max-snippet:-1, max-image-preview:large, max-video-preview:-1\" \/>\n<link rel=\"canonical\" href=\"https:\/\/siglo21.cr\/eng\/seguros-medicos\/\" \/>\n<meta property=\"og:locale\" content=\"en_US\" \/>\n<meta property=\"og:type\" content=\"article\" \/>\n<meta property=\"og:title\" content=\"Seguros M\u00e9dicos - SigloXXI - Centro Me\u0301dico de Radioterapia\" \/>\n<meta property=\"og:description\" content=\"Alianzas comerciales, compa\u00f1\u00edas de seguros y m\u00e1s. Conoce si tu compa\u00f1\u00eda de seguros cuenta con una alianza con nuestro centro m\u00e9dico.\" \/>\n<meta property=\"og:url\" content=\"https:\/\/siglo21.cr\/eng\/seguros-medicos\/\" \/>\n<meta property=\"og:site_name\" content=\"SigloXXI - Centro Me\u0301dico de Radioterapia\" \/>\n<meta property=\"article:publisher\" content=\"https:\/\/www.facebook.com\/sigloXXIcr\/\" \/>\n<meta property=\"article:modified_time\" content=\"2025-06-05T00:39:54+00:00\" \/>\n<meta property=\"og:image\" content=\"https:\/\/siglo21.cr.sinlimitescr.xyz\/wp-content\/uploads\/2024\/04\/seguro-medico-logo-ppp-health-care.jpg\" \/>\n<meta name=\"twitter:card\" content=\"summary_large_image\" \/>\n<meta name=\"twitter:site\" content=\"@siglo21cr\" \/>\n<meta name=\"twitter:label1\" content=\"Est. reading time\" \/>\n\t<meta name=\"twitter:data1\" content=\"2 minutes\" \/>\n<script type=\"application\/ld+json\" class=\"yoast-schema-graph\">{\"@context\":\"https:\/\/schema.org\",\"@graph\":[{\"@type\":\"WebPage\",\"@id\":\"https:\/\/siglo21.cr\/seguros-medicos\/\",\"url\":\"https:\/\/siglo21.cr\/seguros-medicos\/\",\"name\":\"Seguros M\u00e9dicos - SigloXXI - Centro Me\u0301dico de Radioterapia\",\"isPartOf\":{\"@id\":\"https:\/\/siglo21.cr\/#website\"},\"primaryImageOfPage\":{\"@id\":\"https:\/\/siglo21.cr\/seguros-medicos\/#primaryimage\"},\"image\":{\"@id\":\"https:\/\/siglo21.cr\/seguros-medicos\/#primaryimage\"},\"thumbnailUrl\":\"https:\/\/siglo21.cr.sinlimitescr.xyz\/wp-content\/uploads\/2024\/04\/seguro-medico-logo-ppp-health-care.jpg\",\"datePublished\":\"2024-04-22T03:20:59+00:00\",\"dateModified\":\"2025-06-05T00:39:54+00:00\",\"description\":\"Alianzas comerciales, compa\u00f1\u00edas de seguros y m\u00e1s. Conoce si tu compa\u00f1\u00eda de seguros cuenta con una alianza con nuestro centro m\u00e9dico.\",\"breadcrumb\":{\"@id\":\"https:\/\/siglo21.cr\/seguros-medicos\/#breadcrumb\"},\"inLanguage\":\"en-US\",\"potentialAction\":[{\"@type\":\"ReadAction\",\"target\":[\"https:\/\/siglo21.cr\/seguros-medicos\/\"]}]},{\"@type\":\"ImageObject\",\"inLanguage\":\"en-US\",\"@id\":\"https:\/\/siglo21.cr\/seguros-medicos\/#primaryimage\",\"url\":\"https:\/\/siglo21.cr.sinlimitescr.xyz\/wp-content\/uploads\/2024\/04\/seguro-medico-logo-ppp-health-care.jpg\",\"contentUrl\":\"https:\/\/siglo21.cr.sinlimitescr.xyz\/wp-content\/uploads\/2024\/04\/seguro-medico-logo-ppp-health-care.jpg\"},{\"@type\":\"BreadcrumbList\",\"@id\":\"https:\/\/siglo21.cr\/seguros-medicos\/#breadcrumb\",\"itemListElement\":[{\"@type\":\"ListItem\",\"position\":1,\"name\":\"Portada\",\"item\":\"https:\/\/siglo21.cr\/\"},{\"@type\":\"ListItem\",\"position\":2,\"name\":\"Seguros M\u00e9dicos\"}]},{\"@type\":\"WebSite\",\"@id\":\"https:\/\/siglo21.cr\/#website\",\"url\":\"https:\/\/siglo21.cr\/\",\"name\":\"SigloXXI - Centro Me\u0301dico de Radioterapia\",\"description\":\"Centro me\u0301dico de Radioterapia Siglo XXI esta\u0301 enfocado en la atencio\u0301n del paciente oncolo\u0301gico, alta tecnologi\u0301a para combatir el ca\u0301ncer\",\"publisher\":{\"@id\":\"https:\/\/siglo21.cr\/#organization\"},\"potentialAction\":[{\"@type\":\"SearchAction\",\"target\":{\"@type\":\"EntryPoint\",\"urlTemplate\":\"https:\/\/siglo21.cr\/?s={search_term_string}\"},\"query-input\":{\"@type\":\"PropertyValueSpecification\",\"valueRequired\":true,\"valueName\":\"search_term_string\"}}],\"inLanguage\":\"en-US\"},{\"@type\":\"Organization\",\"@id\":\"https:\/\/siglo21.cr\/#organization\",\"name\":\"SigloXXI - Centro Me\u0301dico de Radioterapia\",\"url\":\"https:\/\/siglo21.cr\/\",\"logo\":{\"@type\":\"ImageObject\",\"inLanguage\":\"en-US\",\"@id\":\"https:\/\/siglo21.cr\/#\/schema\/logo\/image\/\",\"url\":\"https:\/\/siglo21.cr\/wp-content\/uploads\/2024\/04\/logo-siglo-21-radioterapia.png\",\"contentUrl\":\"https:\/\/siglo21.cr\/wp-content\/uploads\/2024\/04\/logo-siglo-21-radioterapia.png\",\"width\":255,\"height\":90,\"caption\":\"SigloXXI - Centro Me\u0301dico de Radioterapia\"},\"image\":{\"@id\":\"https:\/\/siglo21.cr\/#\/schema\/logo\/image\/\"},\"sameAs\":[\"https:\/\/www.facebook.com\/sigloXXIcr\/\",\"https:\/\/x.com\/siglo21cr\",\"https:\/\/www.instagram.com\/radioterapia_siglo21\/\",\"https:\/\/www.youtube.com\/channel\/UCOp1HTiyQqULVE_JHqIX_zQ\"]}]}<\/script>\n<!-- \/ Yoast SEO plugin. -->","yoast_head_json":{"title":"Seguros M\u00e9dicos - SigloXXI - Centro Me\u0301dico de Radioterapia","description":"Alianzas comerciales, compa\u00f1\u00edas de seguros y m\u00e1s. Conoce si tu compa\u00f1\u00eda de seguros cuenta con una alianza con nuestro centro m\u00e9dico.","robots":{"index":"index","follow":"follow","max-snippet":"max-snippet:-1","max-image-preview":"max-image-preview:large","max-video-preview":"max-video-preview:-1"},"canonical":"https:\/\/siglo21.cr\/eng\/seguros-medicos\/","og_locale":"en_US","og_type":"article","og_title":"Seguros M\u00e9dicos - SigloXXI - Centro Me\u0301dico de Radioterapia","og_description":"Alianzas comerciales, compa\u00f1\u00edas de seguros y m\u00e1s. Conoce si tu compa\u00f1\u00eda de seguros cuenta con una alianza con nuestro centro m\u00e9dico.","og_url":"https:\/\/siglo21.cr\/eng\/seguros-medicos\/","og_site_name":"SigloXXI - Centro Me\u0301dico de Radioterapia","article_publisher":"https:\/\/www.facebook.com\/sigloXXIcr\/","article_modified_time":"2025-06-05T00:39:54+00:00","og_image":[{"url":"https:\/\/siglo21.cr.sinlimitescr.xyz\/wp-content\/uploads\/2024\/04\/seguro-medico-logo-ppp-health-care.jpg","type":"","width":"","height":""}],"twitter_card":"summary_large_image","twitter_site":"@siglo21cr","twitter_misc":{"Est. reading time":"2 minutes"},"schema":{"@context":"https:\/\/schema.org","@graph":[{"@type":"WebPage","@id":"https:\/\/siglo21.cr\/seguros-medicos\/","url":"https:\/\/siglo21.cr\/seguros-medicos\/","name":"Seguros M\u00e9dicos - SigloXXI - Centro Me\u0301dico de Radioterapia","isPartOf":{"@id":"https:\/\/siglo21.cr\/#website"},"primaryImageOfPage":{"@id":"https:\/\/siglo21.cr\/seguros-medicos\/#primaryimage"},"image":{"@id":"https:\/\/siglo21.cr\/seguros-medicos\/#primaryimage"},"thumbnailUrl":"https:\/\/siglo21.cr.sinlimitescr.xyz\/wp-content\/uploads\/2024\/04\/seguro-medico-logo-ppp-health-care.jpg","datePublished":"2024-04-22T03:20:59+00:00","dateModified":"2025-06-05T00:39:54+00:00","description":"Alianzas comerciales, compa\u00f1\u00edas de seguros y m\u00e1s. Conoce si tu compa\u00f1\u00eda de seguros cuenta con una alianza con nuestro centro m\u00e9dico.","breadcrumb":{"@id":"https:\/\/siglo21.cr\/seguros-medicos\/#breadcrumb"},"inLanguage":"en-US","potentialAction":[{"@type":"ReadAction","target":["https:\/\/siglo21.cr\/seguros-medicos\/"]}]},{"@type":"ImageObject","inLanguage":"en-US","@id":"https:\/\/siglo21.cr\/seguros-medicos\/#primaryimage","url":"https:\/\/siglo21.cr.sinlimitescr.xyz\/wp-content\/uploads\/2024\/04\/seguro-medico-logo-ppp-health-care.jpg","contentUrl":"https:\/\/siglo21.cr.sinlimitescr.xyz\/wp-content\/uploads\/2024\/04\/seguro-medico-logo-ppp-health-care.jpg"},{"@type":"BreadcrumbList","@id":"https:\/\/siglo21.cr\/seguros-medicos\/#breadcrumb","itemListElement":[{"@type":"ListItem","position":1,"name":"Portada","item":"https:\/\/siglo21.cr\/"},{"@type":"ListItem","position":2,"name":"Seguros M\u00e9dicos"}]},{"@type":"WebSite","@id":"https:\/\/siglo21.cr\/#website","url":"https:\/\/siglo21.cr\/","name":"SigloXXI - Centro Me\u0301dico de Radioterapia","description":"Centro me\u0301dico de Radioterapia Siglo XXI esta\u0301 enfocado en la atencio\u0301n del paciente oncolo\u0301gico, alta tecnologi\u0301a para combatir el ca\u0301ncer","publisher":{"@id":"https:\/\/siglo21.cr\/#organization"},"potentialAction":[{"@type":"SearchAction","target":{"@type":"EntryPoint","urlTemplate":"https:\/\/siglo21.cr\/?s={search_term_string}"},"query-input":{"@type":"PropertyValueSpecification","valueRequired":true,"valueName":"search_term_string"}}],"inLanguage":"en-US"},{"@type":"Organization","@id":"https:\/\/siglo21.cr\/#organization","name":"SigloXXI - Centro Me\u0301dico de Radioterapia","url":"https:\/\/siglo21.cr\/","logo":{"@type":"ImageObject","inLanguage":"en-US","@id":"https:\/\/siglo21.cr\/#\/schema\/logo\/image\/","url":"https:\/\/siglo21.cr\/wp-content\/uploads\/2024\/04\/logo-siglo-21-radioterapia.png","contentUrl":"https:\/\/siglo21.cr\/wp-content\/uploads\/2024\/04\/logo-siglo-21-radioterapia.png","width":255,"height":90,"caption":"SigloXXI - Centro Me\u0301dico de Radioterapia"},"image":{"@id":"https:\/\/siglo21.cr\/#\/schema\/logo\/image\/"},"sameAs":["https:\/\/www.facebook.com\/sigloXXIcr\/","https:\/\/x.com\/siglo21cr","https:\/\/www.instagram.com\/radioterapia_siglo21\/","https:\/\/www.youtube.com\/channel\/UCOp1HTiyQqULVE_JHqIX_zQ"]}]}},"_links":{"self":[{"href":"https:\/\/siglo21.cr\/eng\/wp-json\/wp\/v2\/pages\/128","targetHints":{"allow":["GET"]}}],"collection":[{"href":"https:\/\/siglo21.cr\/eng\/wp-json\/wp\/v2\/pages"}],"about":[{"href":"https:\/\/siglo21.cr\/eng\/wp-json\/wp\/v2\/types\/page"}],"author":[{"embeddable":true,"href":"https:\/\/siglo21.cr\/eng\/wp-json\/wp\/v2\/users\/1"}],"replies":[{"embeddable":true,"href":"https:\/\/siglo21.cr\/eng\/wp-json\/wp\/v2\/comments?post=128"}],"version-history":[{"count":16,"href":"https:\/\/siglo21.cr\/eng\/wp-json\/wp\/v2\/pages\/128\/revisions"}],"predecessor-version":[{"id":583,"href":"https:\/\/siglo21.cr\/eng\/wp-json\/wp\/v2\/pages\/128\/revisions\/583"}],"wp:attachment":[{"href":"https:\/\/siglo21.cr\/eng\/wp-json\/wp\/v2\/media?parent=128"}],"curies":[{"name":"wp","href":"https:\/\/api.w.org\/{rel}","templated":true}]}}