{"id":168,"date":"2024-04-22T16:43:40","date_gmt":"2024-04-22T16:43:40","guid":{"rendered":"https:\/\/siglo21.cr.sinlimitescr.xyz\/?page_id=168"},"modified":"2025-06-09T17:19:53","modified_gmt":"2025-06-09T23:19:53","slug":"nuestros-servicios","status":"publish","type":"page","link":"https:\/\/siglo21.cr\/eng\/nuestros-servicios\/","title":{"rendered":"OUR SERVICES"},"content":{"rendered":"<div data-elementor-type=\"wp-page\" data-elementor-id=\"168\" class=\"elementor elementor-168\">\n\t\t\t\t<div class=\"elementor-element elementor-element-6dfe4ec e-flex e-con-boxed wpr-particle-no wpr-jarallax-no wpr-parallax-no wpr-sticky-section-no e-con e-parent\" data-id=\"6dfe4ec\" data-element_type=\"container\">\n\t\t\t\t\t<div class=\"e-con-inner\">\n\t\t\t\t<div class=\"elementor-element elementor-element-9fa6c98 elementor-widget elementor-widget-heading\" data-id=\"9fa6c98\" data-element_type=\"widget\" data-widget_type=\"heading.default\">\n\t\t\t\t<div class=\"elementor-widget-container\">\n\t\t\t\t\t<h2 class=\"elementor-heading-title elementor-size-default\">Our services<\/h2>\t\t\t\t<\/div>\n\t\t\t\t<\/div>\n\t\t\t\t\t<\/div>\n\t\t\t\t<\/div>\n\t\t<div class=\"elementor-element elementor-element-c6bfcf6 e-con-full e-flex wpr-particle-no wpr-jarallax-no wpr-parallax-no wpr-sticky-section-no e-con e-parent\" data-id=\"c6bfcf6\" data-element_type=\"container\">\n\t\t\t\t<div class=\"elementor-element elementor-element-b230209 raven-advaned-posts-equal-height-yes elementor-widget elementor-widget-raven-advanced-posts\" data-id=\"b230209\" data-element_type=\"widget\" data-settings=\"{&quot;general_layout&quot;:&quot;grid&quot;,&quot;columns&quot;:&quot;3&quot;,&quot;columns_tablet&quot;:&quot;2&quot;,&quot;columns_mobile&quot;:&quot;1&quot;,&quot;query_posts_per_page&quot;:6,&quot;query_offset&quot;:0}\" data-widget_type=\"raven-advanced-posts.default\">\n\t\t\t\t<div class=\"elementor-widget-container\">\n\t\t\t\t\t\t\t<div class=\"raven-posts raven-posts-grid\">\r\n\t\t\t\t\t\t<div class=\"advanced-posts-content content-layout-overlay raven-grid raven-grid-3 raven-grid-mobile-1 raven-grid-tablet-2\" data-post-id=\"168\" data-archive-query=\"\">\r\n\t\t\t\t<div class=\"raven-posts-item raven-grid-item\"><div class=\"raven-post-wrapper\"><div class=\"raven-post  raven-post-inside\"><div class=\"raven-post-image-wrap\"><a class=\"raven-post-image\" href=\"https:\/\/siglo21.cr\/eng\/radioterapia-compensatoria-de-movimiento-4d\/\"> <img fetchpriority=\"high\" decoding=\"async\" width=\"250\" height=\"340\" src=\"https:\/\/siglo21.cr\/wp-content\/uploads\/2024\/05\/radioterapia-compensatoria-de-movimiento.jpg\" class=\"attachment-large size-large wp-image-940\" alt=\"\" srcset=\"https:\/\/siglo21.cr\/wp-content\/uploads\/2024\/05\/radioterapia-compensatoria-de-movimiento.jpg 250w, https:\/\/siglo21.cr\/wp-content\/uploads\/2024\/05\/radioterapia-compensatoria-de-movimiento-221x300.jpg 221w, https:\/\/siglo21.cr\/wp-content\/uploads\/2024\/05\/radioterapia-compensatoria-de-movimiento-9x12.jpg 9w\" sizes=\"(max-width: 250px) 100vw, 250px\" \/><span class=\"raven-post-image-overlay\"><\/span><\/a><\/div><div class=\"raven-post-content-container\"><div class=\"raven-post-content\"><h3 class=\"raven-post-title\"><a class=\"raven-post-title-link\" href=\"https:\/\/siglo21.cr\/eng\/radioterapia-compensatoria-de-movimiento-4d\/\">4D MOVEMENT COMPENSATORY RADIOTHERAPY<\/a><\/h3><div class=\"raven-post-read-more\"><a class=\"raven-post-button\" href=\"https:\/\/siglo21.cr\/eng\/radioterapia-compensatoria-de-movimiento-4d\/\"><span class=\"raven-post-button-text\">Know more<\/span><\/a><\/div><\/div><\/div><\/div><\/div><\/div><div class=\"raven-posts-item raven-grid-item\"><div class=\"raven-post-wrapper\"><div class=\"raven-post  raven-post-inside\"><div class=\"raven-post-image-wrap\"><a class=\"raven-post-image\" href=\"https:\/\/siglo21.cr\/eng\/radioterapia-de-intensidad-modulada-imrt\/\"> <img decoding=\"async\" width=\"250\" height=\"340\" src=\"https:\/\/siglo21.cr\/wp-content\/uploads\/2024\/05\/radioterapia-de-intensidad-modulada-imrt.jpg\" class=\"attachment-large size-large wp-image-942\" alt=\"\" srcset=\"https:\/\/siglo21.cr\/wp-content\/uploads\/2024\/05\/radioterapia-de-intensidad-modulada-imrt.jpg 250w, https:\/\/siglo21.cr\/wp-content\/uploads\/2024\/05\/radioterapia-de-intensidad-modulada-imrt-221x300.jpg 221w, https:\/\/siglo21.cr\/wp-content\/uploads\/2024\/05\/radioterapia-de-intensidad-modulada-imrt-9x12.jpg 9w\" sizes=\"(max-width: 250px) 100vw, 250px\" \/><span class=\"raven-post-image-overlay\"><\/span><\/a><\/div><div class=\"raven-post-content-container\"><div class=\"raven-post-content\"><h3 class=\"raven-post-title\"><a class=\"raven-post-title-link\" href=\"https:\/\/siglo21.cr\/eng\/radioterapia-de-intensidad-modulada-imrt\/\">INTENSITY MODULATED RADIOTHERAPY (IMRT)<\/a><\/h3><div class=\"raven-post-read-more\"><a class=\"raven-post-button\" href=\"https:\/\/siglo21.cr\/eng\/radioterapia-de-intensidad-modulada-imrt\/\"><span class=\"raven-post-button-text\">Know more<\/span><\/a><\/div><\/div><\/div><\/div><\/div><\/div><div class=\"raven-posts-item raven-grid-item\"><div class=\"raven-post-wrapper\"><div class=\"raven-post  raven-post-inside\"><div class=\"raven-post-image-wrap\"><a class=\"raven-post-image\" href=\"https:\/\/siglo21.cr\/eng\/radioterapia-con-imagenes-guiadas-igrt\/\"> <img decoding=\"async\" width=\"250\" height=\"340\" src=\"https:\/\/siglo21.cr\/wp-content\/uploads\/2024\/05\/radioterapia-con-imagenes-guiadas-igrt.jpg\" class=\"attachment-large size-large wp-image-941\" alt=\"\" srcset=\"https:\/\/siglo21.cr\/wp-content\/uploads\/2024\/05\/radioterapia-con-imagenes-guiadas-igrt.jpg 250w, https:\/\/siglo21.cr\/wp-content\/uploads\/2024\/05\/radioterapia-con-imagenes-guiadas-igrt-221x300.jpg 221w, https:\/\/siglo21.cr\/wp-content\/uploads\/2024\/05\/radioterapia-con-imagenes-guiadas-igrt-9x12.jpg 9w\" sizes=\"(max-width: 250px) 100vw, 250px\" \/><span class=\"raven-post-image-overlay\"><\/span><\/a><\/div><div class=\"raven-post-content-container\"><div class=\"raven-post-content\"><h3 class=\"raven-post-title\"><a class=\"raven-post-title-link\" href=\"https:\/\/siglo21.cr\/eng\/radioterapia-con-imagenes-guiadas-igrt\/\">IMAGE GUIDED RADIOTHERAPY (IGRT)<\/a><\/h3><div class=\"raven-post-read-more\"><a class=\"raven-post-button\" href=\"https:\/\/siglo21.cr\/eng\/radioterapia-con-imagenes-guiadas-igrt\/\"><span class=\"raven-post-button-text\">Know more<\/span><\/a><\/div><\/div><\/div><\/div><\/div><\/div><div class=\"raven-posts-item raven-grid-item\"><div class=\"raven-post-wrapper\"><div class=\"raven-post  raven-post-inside\"><div class=\"raven-post-image-wrap\"><a class=\"raven-post-image\" href=\"https:\/\/siglo21.cr\/eng\/radiocirugia-estereotaxica-de-cuerpo-sbrt\/\"> <img loading=\"lazy\" decoding=\"async\" width=\"250\" height=\"340\" src=\"https:\/\/siglo21.cr\/wp-content\/uploads\/2024\/05\/radiocirugia-estereotaxica-de-cuerpo-sbrt.jpg\" class=\"attachment-large size-large wp-image-935\" alt=\"\" srcset=\"https:\/\/siglo21.cr\/wp-content\/uploads\/2024\/05\/radiocirugia-estereotaxica-de-cuerpo-sbrt.jpg 250w, https:\/\/siglo21.cr\/wp-content\/uploads\/2024\/05\/radiocirugia-estereotaxica-de-cuerpo-sbrt-221x300.jpg 221w, https:\/\/siglo21.cr\/wp-content\/uploads\/2024\/05\/radiocirugia-estereotaxica-de-cuerpo-sbrt-9x12.jpg 9w\" sizes=\"(max-width: 250px) 100vw, 250px\" \/><span class=\"raven-post-image-overlay\"><\/span><\/a><\/div><div class=\"raven-post-content-container\"><div class=\"raven-post-content\"><h3 class=\"raven-post-title\"><a class=\"raven-post-title-link\" href=\"https:\/\/siglo21.cr\/eng\/radiocirugia-estereotaxica-de-cuerpo-sbrt\/\">BODY STEREOTAXIC RADIOSURGERY (SBRT)<\/a><\/h3><div class=\"raven-post-read-more\"><a class=\"raven-post-button\" href=\"https:\/\/siglo21.cr\/eng\/radiocirugia-estereotaxica-de-cuerpo-sbrt\/\"><span class=\"raven-post-button-text\">Know more<\/span><\/a><\/div><\/div><\/div><\/div><\/div><\/div><div class=\"raven-posts-item raven-grid-item\"><div class=\"raven-post-wrapper\"><div class=\"raven-post  raven-post-inside\"><div class=\"raven-post-image-wrap\"><a class=\"raven-post-image\" href=\"https:\/\/siglo21.cr\/eng\/pet-ct-siglo-xxi\/\"> <img loading=\"lazy\" decoding=\"async\" width=\"250\" height=\"340\" src=\"https:\/\/siglo21.cr\/wp-content\/uploads\/2024\/04\/tomografia-por-emision-de-positrones-pet-ct.jpg\" class=\"attachment-large size-large wp-image-255\" alt=\"\" srcset=\"https:\/\/siglo21.cr\/wp-content\/uploads\/2024\/04\/tomografia-por-emision-de-positrones-pet-ct.jpg 250w, https:\/\/siglo21.cr\/wp-content\/uploads\/2024\/04\/tomografia-por-emision-de-positrones-pet-ct-221x300.jpg 221w\" sizes=\"(max-width: 250px) 100vw, 250px\" \/><span class=\"raven-post-image-overlay\"><\/span><\/a><\/div><div class=\"raven-post-content-container\"><div class=\"raven-post-content\"><h3 class=\"raven-post-title\"><a class=\"raven-post-title-link\" href=\"https:\/\/siglo21.cr\/eng\/pet-ct-siglo-xxi\/\">PET CT<\/a><\/h3><div class=\"raven-post-read-more\"><a class=\"raven-post-button\" href=\"https:\/\/siglo21.cr\/eng\/pet-ct-siglo-xxi\/\"><span class=\"raven-post-button-text\">Know more<\/span><\/a><\/div><\/div><\/div><\/div><\/div><\/div><div class=\"raven-posts-item raven-grid-item\"><div class=\"raven-post-wrapper\"><div class=\"raven-post  raven-post-inside\"><div class=\"raven-post-image-wrap\"><a class=\"raven-post-image\" href=\"https:\/\/siglo21.cr\/eng\/radiocirugia-estereotaxica-craneal\/\"> <img loading=\"lazy\" decoding=\"async\" width=\"250\" height=\"340\" src=\"https:\/\/siglo21.cr\/wp-content\/uploads\/2024\/04\/radiocirugia-estereotaxica-craneal-srs.jpg\" class=\"attachment-large size-large wp-image-182\" alt=\"\" srcset=\"https:\/\/siglo21.cr\/wp-content\/uploads\/2024\/04\/radiocirugia-estereotaxica-craneal-srs.jpg 250w, https:\/\/siglo21.cr\/wp-content\/uploads\/2024\/04\/radiocirugia-estereotaxica-craneal-srs-221x300.jpg 221w\" sizes=\"(max-width: 250px) 100vw, 250px\" \/><span class=\"raven-post-image-overlay\"><\/span><\/a><\/div><div class=\"raven-post-content-container\"><div class=\"raven-post-content\"><h3 class=\"raven-post-title\"><a class=\"raven-post-title-link\" href=\"https:\/\/siglo21.cr\/eng\/radiocirugia-estereotaxica-craneal\/\">CRANIAL STEREOTAXIC RADIOSURGERY (SRS)<\/a><\/h3><div class=\"raven-post-read-more\"><a class=\"raven-post-button\" href=\"https:\/\/siglo21.cr\/eng\/radiocirugia-estereotaxica-craneal\/\"><span class=\"raven-post-button-text\">Know more<\/span><\/a><\/div><\/div><\/div><\/div><\/div><\/div>\t\t\t<\/div>\r\n\t\t\t\t\t<\/div>\r\n\t\t\t\t\t\t<\/div>\n\t\t\t\t<\/div>\n\t\t\t\t<\/div>\n\t\t\t\t<\/div>","protected":false},"excerpt":{"rendered":"<p>Nuestros Servicios RADIOTERAPIA COMPENSATORIA DE MOVIMIENTO 4D Saber M\u00e1s RADIOTERAPIA DE INTENSIDAD MODULADA (IMRT) Saber M\u00e1s RADIOTERAPIA CON IM\u00c1GENES GUIADAS (IGRT) Saber M\u00e1s RADIOCIRUGIA ESTEREOTAXICA DE CUERPO (SBRT) Saber M\u00e1s PET CT Saber M\u00e1s RADIOCIRUGIA ESTEREOTAXICA CRANEAL (SRS) Saber M\u00e1s<\/p>","protected":false},"author":1,"featured_media":0,"parent":0,"menu_order":0,"comment_status":"closed","ping_status":"closed","template":"elementor_header_footer","meta":{"_acf_changed":false,"inline_featured_image":false,"_joinchat":[],"footnotes":""},"class_list":["post-168","page","type-page","status-publish","hentry"],"acf":[],"yoast_head":"<!-- This site is optimized with the Yoast SEO plugin v25.2 - https:\/\/yoast.com\/wordpress\/plugins\/seo\/ -->\n<title>NUESTROS SERVICIOS - SigloXXI - Centro Me\u0301dico de Radioterapia<\/title>\n<meta name=\"description\" content=\"Lo \u00faltimo en t\u00e9cnicas de Radioterapia de alta precisi\u00f3n disponibles en Costa Rica en un solo lugar: Radiocirug\u00eda, Radioterapia, IMRT y m\u00e1s.\" \/>\n<meta name=\"robots\" content=\"index, follow, max-snippet:-1, max-image-preview:large, max-video-preview:-1\" \/>\n<link rel=\"canonical\" href=\"https:\/\/siglo21.cr\/eng\/nuestros-servicios\/\" \/>\n<meta property=\"og:locale\" content=\"en_US\" \/>\n<meta property=\"og:type\" content=\"article\" \/>\n<meta property=\"og:title\" content=\"NUESTROS SERVICIOS - SigloXXI - Centro Me\u0301dico de Radioterapia\" \/>\n<meta property=\"og:description\" content=\"Lo \u00faltimo en t\u00e9cnicas de Radioterapia de alta precisi\u00f3n disponibles en Costa Rica en un solo lugar: Radiocirug\u00eda, Radioterapia, IMRT y m\u00e1s.\" \/>\n<meta property=\"og:url\" content=\"https:\/\/siglo21.cr\/eng\/nuestros-servicios\/\" \/>\n<meta property=\"og:site_name\" content=\"SigloXXI - Centro Me\u0301dico de Radioterapia\" \/>\n<meta property=\"article:publisher\" content=\"https:\/\/www.facebook.com\/sigloXXIcr\/\" \/>\n<meta property=\"article:modified_time\" content=\"2025-06-09T23:19:53+00:00\" \/>\n<meta property=\"og:image\" content=\"https:\/\/siglo21.cr\/wp-content\/uploads\/2024\/05\/radioterapia-compensatoria-de-movimiento.jpg\" \/>\n<meta name=\"twitter:card\" content=\"summary_large_image\" \/>\n<meta name=\"twitter:site\" content=\"@siglo21cr\" \/>\n<meta name=\"twitter:label1\" content=\"Est. reading time\" \/>\n\t<meta name=\"twitter:data1\" content=\"2 minutes\" \/>\n<script type=\"application\/ld+json\" class=\"yoast-schema-graph\">{\"@context\":\"https:\/\/schema.org\",\"@graph\":[{\"@type\":\"WebPage\",\"@id\":\"https:\/\/siglo21.cr\/nuestros-servicios\/\",\"url\":\"https:\/\/siglo21.cr\/nuestros-servicios\/\",\"name\":\"NUESTROS SERVICIOS - SigloXXI - Centro Me\u0301dico de Radioterapia\",\"isPartOf\":{\"@id\":\"https:\/\/siglo21.cr\/#website\"},\"primaryImageOfPage\":{\"@id\":\"https:\/\/siglo21.cr\/nuestros-servicios\/#primaryimage\"},\"image\":{\"@id\":\"https:\/\/siglo21.cr\/nuestros-servicios\/#primaryimage\"},\"thumbnailUrl\":\"https:\/\/siglo21.cr\/wp-content\/uploads\/2024\/05\/radioterapia-compensatoria-de-movimiento.jpg\",\"datePublished\":\"2024-04-22T16:43:40+00:00\",\"dateModified\":\"2025-06-09T23:19:53+00:00\",\"description\":\"Lo \u00faltimo en t\u00e9cnicas de Radioterapia de alta precisi\u00f3n disponibles en Costa Rica en un solo lugar: Radiocirug\u00eda, Radioterapia, IMRT y m\u00e1s.\",\"breadcrumb\":{\"@id\":\"https:\/\/siglo21.cr\/nuestros-servicios\/#breadcrumb\"},\"inLanguage\":\"en-US\",\"potentialAction\":[{\"@type\":\"ReadAction\",\"target\":[\"https:\/\/siglo21.cr\/nuestros-servicios\/\"]}]},{\"@type\":\"ImageObject\",\"inLanguage\":\"en-US\",\"@id\":\"https:\/\/siglo21.cr\/nuestros-servicios\/#primaryimage\",\"url\":\"https:\/\/siglo21.cr\/wp-content\/uploads\/2024\/05\/radioterapia-compensatoria-de-movimiento.jpg\",\"contentUrl\":\"https:\/\/siglo21.cr\/wp-content\/uploads\/2024\/05\/radioterapia-compensatoria-de-movimiento.jpg\"},{\"@type\":\"BreadcrumbList\",\"@id\":\"https:\/\/siglo21.cr\/nuestros-servicios\/#breadcrumb\",\"itemListElement\":[{\"@type\":\"ListItem\",\"position\":1,\"name\":\"Portada\",\"item\":\"https:\/\/siglo21.cr\/\"},{\"@type\":\"ListItem\",\"position\":2,\"name\":\"NUESTROS SERVICIOS\"}]},{\"@type\":\"WebSite\",\"@id\":\"https:\/\/siglo21.cr\/#website\",\"url\":\"https:\/\/siglo21.cr\/\",\"name\":\"SigloXXI - Centro Me\u0301dico de Radioterapia\",\"description\":\"Centro me\u0301dico de Radioterapia Siglo XXI esta\u0301 enfocado en la atencio\u0301n del paciente oncolo\u0301gico, alta tecnologi\u0301a para combatir el ca\u0301ncer\",\"publisher\":{\"@id\":\"https:\/\/siglo21.cr\/#organization\"},\"potentialAction\":[{\"@type\":\"SearchAction\",\"target\":{\"@type\":\"EntryPoint\",\"urlTemplate\":\"https:\/\/siglo21.cr\/?s={search_term_string}\"},\"query-input\":{\"@type\":\"PropertyValueSpecification\",\"valueRequired\":true,\"valueName\":\"search_term_string\"}}],\"inLanguage\":\"en-US\"},{\"@type\":\"Organization\",\"@id\":\"https:\/\/siglo21.cr\/#organization\",\"name\":\"SigloXXI - Centro Me\u0301dico de Radioterapia\",\"url\":\"https:\/\/siglo21.cr\/\",\"logo\":{\"@type\":\"ImageObject\",\"inLanguage\":\"en-US\",\"@id\":\"https:\/\/siglo21.cr\/#\/schema\/logo\/image\/\",\"url\":\"https:\/\/siglo21.cr\/wp-content\/uploads\/2024\/04\/logo-siglo-21-radioterapia.png\",\"contentUrl\":\"https:\/\/siglo21.cr\/wp-content\/uploads\/2024\/04\/logo-siglo-21-radioterapia.png\",\"width\":255,\"height\":90,\"caption\":\"SigloXXI - Centro Me\u0301dico de Radioterapia\"},\"image\":{\"@id\":\"https:\/\/siglo21.cr\/#\/schema\/logo\/image\/\"},\"sameAs\":[\"https:\/\/www.facebook.com\/sigloXXIcr\/\",\"https:\/\/x.com\/siglo21cr\",\"https:\/\/www.instagram.com\/radioterapia_siglo21\/\",\"https:\/\/www.youtube.com\/channel\/UCOp1HTiyQqULVE_JHqIX_zQ\"]}]}<\/script>\n<!-- \/ Yoast SEO plugin. -->","yoast_head_json":{"title":"NUESTROS SERVICIOS - SigloXXI - Centro Me\u0301dico de Radioterapia","description":"Lo \u00faltimo en t\u00e9cnicas de Radioterapia de alta precisi\u00f3n disponibles en Costa Rica en un solo lugar: Radiocirug\u00eda, Radioterapia, IMRT y m\u00e1s.","robots":{"index":"index","follow":"follow","max-snippet":"max-snippet:-1","max-image-preview":"max-image-preview:large","max-video-preview":"max-video-preview:-1"},"canonical":"https:\/\/siglo21.cr\/eng\/nuestros-servicios\/","og_locale":"en_US","og_type":"article","og_title":"NUESTROS SERVICIOS - SigloXXI - Centro Me\u0301dico de Radioterapia","og_description":"Lo \u00faltimo en t\u00e9cnicas de Radioterapia de alta precisi\u00f3n disponibles en Costa Rica en un solo lugar: Radiocirug\u00eda, Radioterapia, IMRT y m\u00e1s.","og_url":"https:\/\/siglo21.cr\/eng\/nuestros-servicios\/","og_site_name":"SigloXXI - Centro Me\u0301dico de Radioterapia","article_publisher":"https:\/\/www.facebook.com\/sigloXXIcr\/","article_modified_time":"2025-06-09T23:19:53+00:00","og_image":[{"url":"https:\/\/siglo21.cr\/wp-content\/uploads\/2024\/05\/radioterapia-compensatoria-de-movimiento.jpg","type":"","width":"","height":""}],"twitter_card":"summary_large_image","twitter_site":"@siglo21cr","twitter_misc":{"Est. reading time":"2 minutes"},"schema":{"@context":"https:\/\/schema.org","@graph":[{"@type":"WebPage","@id":"https:\/\/siglo21.cr\/nuestros-servicios\/","url":"https:\/\/siglo21.cr\/nuestros-servicios\/","name":"NUESTROS SERVICIOS - SigloXXI - Centro Me\u0301dico de Radioterapia","isPartOf":{"@id":"https:\/\/siglo21.cr\/#website"},"primaryImageOfPage":{"@id":"https:\/\/siglo21.cr\/nuestros-servicios\/#primaryimage"},"image":{"@id":"https:\/\/siglo21.cr\/nuestros-servicios\/#primaryimage"},"thumbnailUrl":"https:\/\/siglo21.cr\/wp-content\/uploads\/2024\/05\/radioterapia-compensatoria-de-movimiento.jpg","datePublished":"2024-04-22T16:43:40+00:00","dateModified":"2025-06-09T23:19:53+00:00","description":"Lo \u00faltimo en t\u00e9cnicas de Radioterapia de alta precisi\u00f3n disponibles en Costa Rica en un solo lugar: Radiocirug\u00eda, Radioterapia, IMRT y m\u00e1s.","breadcrumb":{"@id":"https:\/\/siglo21.cr\/nuestros-servicios\/#breadcrumb"},"inLanguage":"en-US","potentialAction":[{"@type":"ReadAction","target":["https:\/\/siglo21.cr\/nuestros-servicios\/"]}]},{"@type":"ImageObject","inLanguage":"en-US","@id":"https:\/\/siglo21.cr\/nuestros-servicios\/#primaryimage","url":"https:\/\/siglo21.cr\/wp-content\/uploads\/2024\/05\/radioterapia-compensatoria-de-movimiento.jpg","contentUrl":"https:\/\/siglo21.cr\/wp-content\/uploads\/2024\/05\/radioterapia-compensatoria-de-movimiento.jpg"},{"@type":"BreadcrumbList","@id":"https:\/\/siglo21.cr\/nuestros-servicios\/#breadcrumb","itemListElement":[{"@type":"ListItem","position":1,"name":"Portada","item":"https:\/\/siglo21.cr\/"},{"@type":"ListItem","position":2,"name":"NUESTROS SERVICIOS"}]},{"@type":"WebSite","@id":"https:\/\/siglo21.cr\/#website","url":"https:\/\/siglo21.cr\/","name":"SigloXXI - Centro Me\u0301dico de Radioterapia","description":"Centro me\u0301dico de Radioterapia Siglo XXI esta\u0301 enfocado en la atencio\u0301n del paciente oncolo\u0301gico, alta tecnologi\u0301a para combatir el ca\u0301ncer","publisher":{"@id":"https:\/\/siglo21.cr\/#organization"},"potentialAction":[{"@type":"SearchAction","target":{"@type":"EntryPoint","urlTemplate":"https:\/\/siglo21.cr\/?s={search_term_string}"},"query-input":{"@type":"PropertyValueSpecification","valueRequired":true,"valueName":"search_term_string"}}],"inLanguage":"en-US"},{"@type":"Organization","@id":"https:\/\/siglo21.cr\/#organization","name":"SigloXXI - Centro Me\u0301dico de Radioterapia","url":"https:\/\/siglo21.cr\/","logo":{"@type":"ImageObject","inLanguage":"en-US","@id":"https:\/\/siglo21.cr\/#\/schema\/logo\/image\/","url":"https:\/\/siglo21.cr\/wp-content\/uploads\/2024\/04\/logo-siglo-21-radioterapia.png","contentUrl":"https:\/\/siglo21.cr\/wp-content\/uploads\/2024\/04\/logo-siglo-21-radioterapia.png","width":255,"height":90,"caption":"SigloXXI - Centro Me\u0301dico de Radioterapia"},"image":{"@id":"https:\/\/siglo21.cr\/#\/schema\/logo\/image\/"},"sameAs":["https:\/\/www.facebook.com\/sigloXXIcr\/","https:\/\/x.com\/siglo21cr","https:\/\/www.instagram.com\/radioterapia_siglo21\/","https:\/\/www.youtube.com\/channel\/UCOp1HTiyQqULVE_JHqIX_zQ"]}]}},"_links":{"self":[{"href":"https:\/\/siglo21.cr\/eng\/wp-json\/wp\/v2\/pages\/168","targetHints":{"allow":["GET"]}}],"collection":[{"href":"https:\/\/siglo21.cr\/eng\/wp-json\/wp\/v2\/pages"}],"about":[{"href":"https:\/\/siglo21.cr\/eng\/wp-json\/wp\/v2\/types\/page"}],"author":[{"embeddable":true,"href":"https:\/\/siglo21.cr\/eng\/wp-json\/wp\/v2\/users\/1"}],"replies":[{"embeddable":true,"href":"https:\/\/siglo21.cr\/eng\/wp-json\/wp\/v2\/comments?post=168"}],"version-history":[{"count":16,"href":"https:\/\/siglo21.cr\/eng\/wp-json\/wp\/v2\/pages\/168\/revisions"}],"predecessor-version":[{"id":1749,"href":"https:\/\/siglo21.cr\/eng\/wp-json\/wp\/v2\/pages\/168\/revisions\/1749"}],"wp:attachment":[{"href":"https:\/\/siglo21.cr\/eng\/wp-json\/wp\/v2\/media?parent=168"}],"curies":[{"name":"wp","href":"https:\/\/api.w.org\/{rel}","templated":true}]}}